{"id":82,"date":"2025-02-14T15:33:21","date_gmt":"2025-02-14T14:33:21","guid":{"rendered":"http:\/\/www.haut-pays.be\/wordpress\/?page_id=82"},"modified":"2025-03-12T13:44:13","modified_gmt":"2025-03-12T12:44:13","slug":"publications","status":"publish","type":"page","link":"http:\/\/www.haut-pays.be\/wordpress\/publications\/","title":{"rendered":"Publications"},"content":{"rendered":"\n<h3 class=\"wp-block-heading\">Le Haut-Pays dans les livres&#8230;<\/h3>\n\n\n\n<p>De nombreux livres \u00e9voquent le Haut-Pays, son histoire, ses histoires&#8230; Voici une liste non exhaustive des ouvrages disponibles au Syndicat d&rsquo;Initiative. <strong><a href=\"http:\/\/www.haut-pays.be\/wordpress\/contactez-nous\/\">Contactez-nous<\/a><\/strong> pour les d\u00e9couvrir!<br><\/p>\n\n\n\n<figure class=\"wp-block-image size-large is-resized\"><img fetchpriority=\"high\" decoding=\"async\" width=\"1024\" height=\"683\" src=\"http:\/\/www.haut-pays.be\/wordpress\/wp-content\/uploads\/2025\/02\/2017-08-14-08-13-40-1024x683.jpg\" alt=\"\" class=\"wp-image-112\" style=\"width:425px;height:auto\" srcset=\"http:\/\/www.haut-pays.be\/wordpress\/wp-content\/uploads\/2025\/02\/2017-08-14-08-13-40-1024x683.jpg 1024w, http:\/\/www.haut-pays.be\/wordpress\/wp-content\/uploads\/2025\/02\/2017-08-14-08-13-40-300x200.jpg 300w, http:\/\/www.haut-pays.be\/wordpress\/wp-content\/uploads\/2025\/02\/2017-08-14-08-13-40-768x512.jpg 768w, http:\/\/www.haut-pays.be\/wordpress\/wp-content\/uploads\/2025\/02\/2017-08-14-08-13-40-1536x1024.jpg 1536w, http:\/\/www.haut-pays.be\/wordpress\/wp-content\/uploads\/2025\/02\/2017-08-14-08-13-40-2048x1365.jpg 2048w, http:\/\/www.haut-pays.be\/wordpress\/wp-content\/uploads\/2025\/02\/2017-08-14-08-13-40-1x1.jpg 1w, http:\/\/www.haut-pays.be\/wordpress\/wp-content\/uploads\/2025\/02\/2017-08-14-08-13-40-scaled.jpg 400w\" sizes=\"(max-width: 1024px) 100vw, 1024px\" \/><\/figure>\n\n\n\n<p><strong><em><u>Audregnies Village historique<\/u><\/em><\/strong>&nbsp;BRION Jean, MARTIN Aubert (Ed. F\u00e9d\u00e9ration du Tourisme de la Province de Hainaut 2002)&nbsp;<strong>5,00 \u20ac<\/strong><\/p>\n\n\n\n<p><strong><em><u>Marchipont Aux passages du l\u2019Histoire<\/u><\/em><\/strong>&nbsp;C.H.A.R.M. (CHARM 2006)&nbsp;<strong>45,00 \u20ac<\/strong><\/p>\n\n\n\n<p><em><span style=\"text-decoration: underline;\"><strong>Montignies dans le r\u00e9tro<\/strong><\/span><\/em>, LADRIERE Alain, (Montignies-sur-Roc 2020) <strong>16,00 \u20ac<\/strong><\/p>\n\n\n\n<p><strong><span style=\"text-decoration: underline;\"><em>Montignies-sur-Roc, tranches de vie<\/em><\/span><\/strong>, LADRIERE Alain, (Montignies-sur-Roc 2022) <strong>15,00 \u20ac<\/strong><\/p>\n\n\n\n<p><strong><em><u>La Saga des gares \u00e0 Dour et en Haut-Pays<\/u><\/em><\/strong>,&nbsp;<strong><em><u>Ligne 98A<\/u><\/em><\/strong>&nbsp;CORNU Eric, Jean DELPLAN, Pierre LEMAL (Ed. PFT Mons 2004)&nbsp;<strong>10,00 \u20ac<\/strong><\/p>\n\n\n\n<p><strong><em><u>Destination Terminus<\/u><\/em><\/strong>&nbsp;CORNU Eric (Ed. Les Amis de la Ligne 98A 2004)&nbsp;<strong>12,00 \u20ac<\/strong><\/p>\n\n\n\n<p><strong><em><u>Une histoire de cyclisme en Hainaut&nbsp;<\/u><\/em><\/strong>CORNU Eric (Ed. PAC 2012)&nbsp;<strong>10,00 \u20ac<\/strong><\/p>\n\n\n\n<p><strong><em><u>Emile Verhaeren<\/u><\/em><\/strong>&nbsp;DUTILLIEUX-PREVOST Jacqueline (Ed. Association Touristique du Haut-Pays 2003)&nbsp;<strong>5,00 \u20ac<\/strong><\/p>\n\n\n\n<p><strong><em><u>Promenades dans les Honnelles et le Bavaisis<\/u><\/em><\/strong>&nbsp;GOBERT Jean-Pierre (Ed. Le livre en papier 2018)&nbsp;<strong>10,00 \u20ac<\/strong><\/p>\n\n\n\n<p><strong><em><u>Le guide nature du randonneur hennuyer curieux<\/u><\/em><\/strong>&nbsp;GOBERT Jean-Pierre Vol. 1 (Ed. Le livre en papier 2017)&nbsp;<strong>42,00 \u20ac<\/strong><\/p>\n\n\n\n<p><strong><em><u>Verhaeren au Caillou-qui-Bique<\/u><\/em><\/strong>&nbsp;GOFIN Jean (Ed. F\u00e9d\u00e9ration du Tourisme de la Province de Hainaut 1970)&nbsp;<strong>7,00 \u20ac<\/strong><\/p>\n\n\n\n<p><strong><em><u>Arch\u00e9ologie industrielle des vall\u00e9es de la Honnelle et de l\u2019Hogneau<\/u><\/em><\/strong>&nbsp;HAVEZ Andr\u00e9, (Ed. Les Amis du Caillou-qui-Bique 2000)&nbsp;<strong>15,00 \u20ac<\/strong><\/p>\n\n\n\n<p><strong><em><u>et le charbon engendra le rail<\/u><\/em><\/strong>&nbsp;HAVEZ Andr\u00e9 (Ed. Les Amis de la Ligne 98A 2004)&nbsp;<strong>10,00 \u20ac<\/strong><\/p>\n\n\n\n<p><strong><em><u>\u2026 ainsi naquit le tourisme en Haut-Pays<\/u><\/em><\/strong>&nbsp;HAVEZ Andr\u00e9, (Ed. Royal Syndicat d\u2019Initiative du Haut-Pays 2012)&nbsp;<strong>10,00 \u20ac<\/strong><\/p>\n\n\n\n<p><strong><em><u>L\u2019\u0153uvre architecturale du citoyen L\u00e9opold Del\u00e9pine<\/u><\/em><\/strong>&nbsp;HAVEZ Andr\u00e9 (Ed. Les Amis du Caillou-qui-Bique 2006)&nbsp;<strong>10,00 \u20ac<\/strong><\/p>\n\n\n\n<p><strong><em><u>Le Haut-Pays \u2013 Guide touristique<\/u><\/em><\/strong>&nbsp;LEDENT Michel (Ed. Royal Syndicat d\u2019Initiative du Haut-Pays 2019)&nbsp;<strong>Gratuit<\/strong><\/p>\n\n\n\n<p><strong><em><u>Dictionnaire du patois du Haut-Pays<\/u><\/em><\/strong>&nbsp;LEDENT Michel (Ed. L.S.D. 2014)&nbsp;<strong>20,00 \u20ac<\/strong><\/p>\n\n\n\n<p><strong><em><u>Les Chapelles de Honnelles<\/u><\/em><\/strong>&nbsp;LEDENT Michel et HAVEZ Andr\u00e9 (Ed. Royal Syndicat d\u2019Initiative du Haut-Pays 2013)&nbsp;<strong>10,00 \u20ac<\/strong><\/p>\n\n\n\n<p><strong><em><u>Promenades balis\u00e9es \u2013 Le Circuit des Pierres \u2013 \u2026 sur<\/u><\/em><\/strong>&nbsp;<strong><em><u>les pas de Verhaeren<\/u><\/em><\/strong>&nbsp;LEDENT Michel et LEGRAND Ren\u00e9 (Ed. Hainaut D\u00e9veloppement)&nbsp;<strong>Gratuit<\/strong><\/p>\n\n\n\n<p><strong><em><u>Montignies-sur-Roc<\/u><\/em><\/strong>&nbsp;MARTIN Aubert, BRION Jean et le Baron de la Motte Baraffe (Ed. Royal Syndicat d\u2019Initiative du Haut-Pays 2011)&nbsp;<strong>7,00 \u20ac<\/strong><\/p>\n\n\n\n<p><strong><em><u>Le Centenaire du Chalet du Garde<\/u><\/em><\/strong>&nbsp;MOINS Jean et HAVEZ Andr\u00e9 (Ed. Les Amis du Caillou-qui-Bique 2002)&nbsp;<strong>12,00 \u20ac<\/strong><\/p>\n\n\n\n<p><strong><em><u>Itin\u00e9raires du Haut-Pays Une zone verte en Hainaut<\/u><\/em><\/strong>&nbsp;Soci\u00e9t\u00e9 Royale Belge de G\u00e9ographie (Ed. S.R.B.G. 2020)&nbsp;<strong>10,00 \u20ac<\/strong><\/p>\n\n\n\n<p><strong><em><u>Moneuse<\/u><\/em><\/strong>&nbsp;VASSEUR Yves et RENARD Claude (La Voix dans les Saules 1987)&nbsp;<strong>12,00 \u20ac<\/strong><\/p>\n\n\n\n<p><strong>Cartes postales de la r\u00e9gion 0,50 \u20ac<\/strong><\/p>\n\n\n\n<p><strong>&#8230;et de nombreuses autres publications gratuites<\/strong><\/p>\n\n\n\n<p><\/p>\n","protected":false},"excerpt":{"rendered":"<p>Le Haut-Pays dans les livres&#8230; De nombreux livres \u00e9voquent le Haut-Pays, son histoire, ses histoires&#8230; Voici une liste non exhaustive des ouvrages disponibles au Syndicat d&rsquo;Initiative. Contactez-nous pour les d\u00e9couvrir! Audregnies Village historique&nbsp;BRION Jean, MARTIN Aubert (Ed. F\u00e9d\u00e9ration du Tourisme de la Province de Hainaut 2002)&nbsp;5,00 \u20ac Marchipont Aux passages du l\u2019Histoire&nbsp;C.H.A.R.M. (CHARM 2006)&nbsp;45,00 \u20ac [&hellip;]<\/p>\n","protected":false},"author":1,"featured_media":112,"parent":0,"menu_order":0,"comment_status":"closed","ping_status":"closed","template":"","meta":{"footnotes":""},"class_list":["post-82","page","type-page","status-publish","has-post-thumbnail","hentry"],"_links":{"self":[{"href":"http:\/\/www.haut-pays.be\/wordpress\/wp-json\/wp\/v2\/pages\/82","targetHints":{"allow":["GET"]}}],"collection":[{"href":"http:\/\/www.haut-pays.be\/wordpress\/wp-json\/wp\/v2\/pages"}],"about":[{"href":"http:\/\/www.haut-pays.be\/wordpress\/wp-json\/wp\/v2\/types\/page"}],"author":[{"embeddable":true,"href":"http:\/\/www.haut-pays.be\/wordpress\/wp-json\/wp\/v2\/users\/1"}],"replies":[{"embeddable":true,"href":"http:\/\/www.haut-pays.be\/wordpress\/wp-json\/wp\/v2\/comments?post=82"}],"version-history":[{"count":12,"href":"http:\/\/www.haut-pays.be\/wordpress\/wp-json\/wp\/v2\/pages\/82\/revisions"}],"predecessor-version":[{"id":1351,"href":"http:\/\/www.haut-pays.be\/wordpress\/wp-json\/wp\/v2\/pages\/82\/revisions\/1351"}],"wp:featuredmedia":[{"embeddable":true,"href":"http:\/\/www.haut-pays.be\/wordpress\/wp-json\/wp\/v2\/media\/112"}],"wp:attachment":[{"href":"http:\/\/www.haut-pays.be\/wordpress\/wp-json\/wp\/v2\/media?parent=82"}],"curies":[{"name":"wp","href":"https:\/\/api.w.org\/{rel}","templated":true}]}}