{"id":55,"date":"2025-02-14T13:20:19","date_gmt":"2025-02-14T12:20:19","guid":{"rendered":"http:\/\/www.haut-pays.be\/wordpress\/?page_id=55"},"modified":"2025-02-16T23:00:50","modified_gmt":"2025-02-16T22:00:50","slug":"bienvenue","status":"publish","type":"page","link":"http:\/\/www.haut-pays.be\/wordpress\/bienvenue\/","title":{"rendered":"Bienvenue en Haut-Pays!"},"content":{"rendered":"\n<p>Bienvenue en Haut-Pays! Le <strong>Royal Syndicat d&rsquo;Initiative<\/strong>, asbl, vous accompagne dans votre d\u00e9couverte de notre belle r\u00e9gion bucolique, po\u00e9tique, pittoresque, gourmande, inventive, festive&#8230; Nous sommes au coeur du Parc naturel des Hauts-Pays, tout pr\u00e8s de la fronti\u00e8re franco-belge et du d\u00e9partement du Nord. <a href=\"http:\/\/www.haut-pays.be\/wordpress\/\" data-type=\"page\" data-id=\"80\"><strong>Bonne d\u00e9couverte<\/strong><\/a>!<\/p>\n\n\n\n<p><\/p>\n\n\n\n<figure class=\"wp-block-image size-large\"><img fetchpriority=\"high\" decoding=\"async\" width=\"1024\" height=\"683\" src=\"http:\/\/www.haut-pays.be\/wordpress\/wp-content\/uploads\/2025\/02\/IMG_3461-1024x683.jpg\" alt=\"\" class=\"wp-image-115\" srcset=\"http:\/\/www.haut-pays.be\/wordpress\/wp-content\/uploads\/2025\/02\/IMG_3461-1024x683.jpg 1024w, http:\/\/www.haut-pays.be\/wordpress\/wp-content\/uploads\/2025\/02\/IMG_3461-300x200.jpg 300w, http:\/\/www.haut-pays.be\/wordpress\/wp-content\/uploads\/2025\/02\/IMG_3461-768x512.jpg 768w, http:\/\/www.haut-pays.be\/wordpress\/wp-content\/uploads\/2025\/02\/IMG_3461-1536x1024.jpg 1536w, http:\/\/www.haut-pays.be\/wordpress\/wp-content\/uploads\/2025\/02\/IMG_3461-2048x1365.jpg 2048w, http:\/\/www.haut-pays.be\/wordpress\/wp-content\/uploads\/2025\/02\/IMG_3461-1x1.jpg 1w, http:\/\/www.haut-pays.be\/wordpress\/wp-content\/uploads\/2025\/02\/IMG_3461-scaled.jpg 400w\" sizes=\"(max-width: 1024px) 100vw, 1024px\" \/><\/figure>\n","protected":false},"excerpt":{"rendered":"<p>Bienvenue en Haut-Pays! Le Royal Syndicat d&rsquo;Initiative, asbl, vous accompagne dans votre d\u00e9couverte de notre belle r\u00e9gion bucolique, po\u00e9tique, pittoresque, gourmande, inventive, festive&#8230; Nous sommes au coeur du Parc naturel des Hauts-Pays, tout pr\u00e8s de la fronti\u00e8re franco-belge et du d\u00e9partement du Nord. Bonne d\u00e9couverte!<\/p>\n","protected":false},"author":1,"featured_media":0,"parent":0,"menu_order":0,"comment_status":"closed","ping_status":"closed","template":"","meta":{"footnotes":""},"class_list":["post-55","page","type-page","status-publish","hentry"],"_links":{"self":[{"href":"http:\/\/www.haut-pays.be\/wordpress\/wp-json\/wp\/v2\/pages\/55","targetHints":{"allow":["GET"]}}],"collection":[{"href":"http:\/\/www.haut-pays.be\/wordpress\/wp-json\/wp\/v2\/pages"}],"about":[{"href":"http:\/\/www.haut-pays.be\/wordpress\/wp-json\/wp\/v2\/types\/page"}],"author":[{"embeddable":true,"href":"http:\/\/www.haut-pays.be\/wordpress\/wp-json\/wp\/v2\/users\/1"}],"replies":[{"embeddable":true,"href":"http:\/\/www.haut-pays.be\/wordpress\/wp-json\/wp\/v2\/comments?post=55"}],"version-history":[{"count":12,"href":"http:\/\/www.haut-pays.be\/wordpress\/wp-json\/wp\/v2\/pages\/55\/revisions"}],"predecessor-version":[{"id":501,"href":"http:\/\/www.haut-pays.be\/wordpress\/wp-json\/wp\/v2\/pages\/55\/revisions\/501"}],"wp:attachment":[{"href":"http:\/\/www.haut-pays.be\/wordpress\/wp-json\/wp\/v2\/media?parent=55"}],"curies":[{"name":"wp","href":"https:\/\/api.w.org\/{rel}","templated":true}]}}