{"id":205,"date":"2025-02-15T09:57:18","date_gmt":"2025-02-15T08:57:18","guid":{"rendered":"http:\/\/www.haut-pays.be\/wordpress\/?page_id=205"},"modified":"2025-02-15T10:03:52","modified_gmt":"2025-02-15T09:03:52","slug":"qui-sommes-nous-2","status":"publish","type":"page","link":"http:\/\/www.haut-pays.be\/wordpress\/qui-sommes-nous-2\/","title":{"rendered":"Qui sommes-nous?"},"content":{"rendered":"\n<figure class=\"wp-block-image size-large\"><img fetchpriority=\"high\" decoding=\"async\" width=\"1024\" height=\"410\" src=\"http:\/\/www.haut-pays.be\/wordpress\/wp-content\/uploads\/2025\/02\/IMG_8437-1024x410.jpeg\" alt=\"\" class=\"wp-image-12\" srcset=\"http:\/\/www.haut-pays.be\/wordpress\/wp-content\/uploads\/2025\/02\/IMG_8437-1024x410.jpeg 1024w, http:\/\/www.haut-pays.be\/wordpress\/wp-content\/uploads\/2025\/02\/IMG_8437-300x120.jpeg 300w, http:\/\/www.haut-pays.be\/wordpress\/wp-content\/uploads\/2025\/02\/IMG_8437-768x307.jpeg 768w, http:\/\/www.haut-pays.be\/wordpress\/wp-content\/uploads\/2025\/02\/IMG_8437-1536x615.jpeg 1536w, http:\/\/www.haut-pays.be\/wordpress\/wp-content\/uploads\/2025\/02\/IMG_8437-2048x819.jpeg 2048w, http:\/\/www.haut-pays.be\/wordpress\/wp-content\/uploads\/2025\/02\/IMG_8437-scaled.jpeg 400w\" sizes=\"(max-width: 1024px) 100vw, 1024px\" \/><\/figure>\n\n\n\n<p>Officiellement baptis\u00e9 en d\u00e9cembre 58 \u00ab\u00a0Association touristique du Caillou-qui-Bique, des deux Honnelles et du Haut-Pays\u00a0\u00bb, le <strong>Royal Syndicat d\u2019Initiative du Haut-Pays<\/strong> reste le fils spirituel de quelques courageux pr\u00e9curseurs en mati\u00e8re de tourisme.<\/p>\n\n\n\n<p><strong>Nos fondateurs.<\/strong> Ils ont pour nom G\u00e9rard Mahieu, Michel Abrassart, Albert Sti\u00e9venart, Louis Payen, Jean Denis, Jean Paternotte ou le baron Alain de la Motte Baraffe qui, avec quelques autres personnalit\u00e9s majeures, ont relev\u00e9 nagu\u00e8re un d\u00e9fi que d&rsquo;aucuns croyaient insens\u00e9.<\/p>\n\n\n\n<p><strong>Comment? <\/strong>Dans une r\u00e9gion certes verte mais naturellement coinc\u00e9e entre le gris Borinage et le nord de la France industriel, on pourrait attirer promeneurs de quelques heures ou h\u00f4tes de quelques jours ? Mais vous n&rsquo;y pensez pas !?<br>Non seulement les pionniers l&rsquo;ont pens\u00e9, mais ils l&rsquo;ont surtout concr\u00e9tis\u00e9 et c&rsquo;est leur oeuvre originelle que nous perp\u00e9tuons aujourd&rsquo;hui, \u00e0 notre modeste mani\u00e8re.<br>Certes, il est pass\u00e9 le temps folklorique des cavalcades historiques, des festivit\u00e9s radiophoniques du \u00ab\u00a0Village Vacances\u00a0\u00bb et des sorties en kayak sur la Grande Honnelle. Mais d&rsquo;autres projets initiaux ont surv\u00e9cu (\u00ab\u00a0Le Th\u00e9\u00e2tre au Ch\u00e2teau\u00a0\u00bb montagnard) ou se sont r\u00e9g\u00e9n\u00e9r\u00e9s (les chambres d&rsquo;h\u00f4tes et les g\u00eetes ruraux).<br>Au pr\u00e9sident dourois G\u00e9rard Mahieu a succ\u00e9d\u00e9 le Qui\u00e9vrainois Jean Brion : deux amis, deux complices, deux disciples du \u00ab\u00a0mieux vivre\u00a0\u00bb au coeur d&rsquo;un environnement bucolique aux beaut\u00e9s multiples. En mai 2003, Michel Cornet a pris le relais avant de le c\u00e9der \u00e0 Jean-Pierre Denis le 24 f\u00e9vrier 2008. Michel Ledent lui a succ\u00e9d\u00e9 (en 2010) en laissant son poste de secr\u00e9taire (qu&rsquo;il occupait depuis 32 ans !) \u00e0 Daniel Pattyn.<\/p>\n\n\n\n<p>Comit\u00e9. Michel Ledent peut compter sur une \u00e9quipe bien structur\u00e9e : les autres administrateurs qui compl\u00e8tent l&rsquo;\u00e9quipe sont Olivier Vanoverschelde (Vice-Pr\u00e9sident), Daniel Pattyn (secr\u00e9taire), Michel Roland (Tr\u00e9sorier), Michel Cornet, Eric Cornu, Carl Crapez, Jean Delplan, Paul-Henri Fally, Philippe H\u00e9naut, Pascale Homerin, Lidwine Ledent, Anne-Marie Leleup, Jacques Maesschalck, Herv\u00e9 P\u00e9tillon et Marcel Vilain, ainsi qu&rsquo;un nombre important de membres et sympathisants.<\/p>\n\n\n\n<p>D&rsquo;o\u00f9 <strong>nos commissions<\/strong> \u00ab\u00a0Circuits D\u00e9couverte\u00a0\u00bb, \u00ab\u00a0Archives et Documentation\u00a0\u00bb, \u00ab\u00a0Histoire et Culture\u00a0\u00bb, \u00ab\u00a0Diffusion et Ventes\u00a0\u00bb ou \u00ab\u00a0Presse et Relations Publiques\u00a0\u00bb : autant de pi\u00e8ces indispensables \u00e0 la r\u00e9alisation d&rsquo;un puzzle que nous voulons \u00e0 la fois chatoyant et coh\u00e9rent.<\/p>\n\n\n\n<p><strong>Notre credo.<\/strong> Promouvoir nos petits villages sans jamais en trahir ou en travestir la sp\u00e9cificit\u00e9 authentique. Notre espoir ? Que vous veniez dans notre r\u00e9gion pour y passer un apr\u00e8s-midi, une journ\u00e9e ou une semaine en sachant que tout, ici, est d&rsquo;abord rest\u00e9 \u00e0 l&rsquo;humaine dimension.<\/p>\n\n\n\n<p>De la chapelle multis\u00e9culaire \u00e0 l&rsquo;artisan conservateur des traditions, du paysage ancestral \u00e0 la l\u00e9gende d\u00e9bonnaire, de la rivi\u00e8re discr\u00e8te quand elle n&rsquo;est pas col\u00e9rique \u00e0 la ducasse conviviale quand elle n&rsquo;est pas hom\u00e9rique, tout ici s&rsquo;\u00e9value bien \u00e0 la mesure de l&rsquo;homme. Avec ses \u00e9motions et ses imperfections\u2026 En parfaite symbiose avec les ambitions avou\u00e9es du Parc Naturel des Hauts-Pays, dont il ne couvre n\u00e9anmoins qu&rsquo;une partie, le Syndicat d&rsquo;Initiative du Haut-Pays vous ouvre donc bien cordialement ses portes.<\/p>\n\n\n\n<p><strong>Soyez-y les bienvenus, visiteurs d&rsquo;ailleurs ou habitants du cru !<\/strong><\/p>\n\n\n\n<figure class=\"wp-block-image size-large\"><img decoding=\"async\" width=\"1024\" height=\"256\" src=\"http:\/\/www.haut-pays.be\/wordpress\/wp-content\/uploads\/2025\/02\/angre_panoramique-1024x256.jpg\" alt=\"\" class=\"wp-image-99\" srcset=\"http:\/\/www.haut-pays.be\/wordpress\/wp-content\/uploads\/2025\/02\/angre_panoramique-1024x256.jpg 1024w, http:\/\/www.haut-pays.be\/wordpress\/wp-content\/uploads\/2025\/02\/angre_panoramique-300x75.jpg 300w, http:\/\/www.haut-pays.be\/wordpress\/wp-content\/uploads\/2025\/02\/angre_panoramique-768x192.jpg 768w, http:\/\/www.haut-pays.be\/wordpress\/wp-content\/uploads\/2025\/02\/angre_panoramique-1536x384.jpg 1536w, http:\/\/www.haut-pays.be\/wordpress\/wp-content\/uploads\/2025\/02\/angre_panoramique-1x1.jpg 1w, http:\/\/www.haut-pays.be\/wordpress\/wp-content\/uploads\/2025\/02\/angre_panoramique.jpg 400w\" sizes=\"(max-width: 1024px) 100vw, 1024px\" \/><\/figure>\n\n\n\n<p><\/p>\n","protected":false},"excerpt":{"rendered":"<p>Officiellement baptis\u00e9 en d\u00e9cembre 58 \u00ab\u00a0Association touristique du Caillou-qui-Bique, des deux Honnelles et du Haut-Pays\u00a0\u00bb, le Royal Syndicat d\u2019Initiative du Haut-Pays reste le fils spirituel de quelques courageux pr\u00e9curseurs en mati\u00e8re de tourisme. Nos fondateurs. Ils ont pour nom G\u00e9rard Mahieu, Michel Abrassart, Albert Sti\u00e9venart, Louis Payen, Jean Denis, Jean Paternotte ou le baron Alain [&hellip;]<\/p>\n","protected":false},"author":1,"featured_media":0,"parent":0,"menu_order":0,"comment_status":"closed","ping_status":"closed","template":"","meta":{"footnotes":""},"class_list":["post-205","page","type-page","status-publish","hentry"],"_links":{"self":[{"href":"http:\/\/www.haut-pays.be\/wordpress\/wp-json\/wp\/v2\/pages\/205","targetHints":{"allow":["GET"]}}],"collection":[{"href":"http:\/\/www.haut-pays.be\/wordpress\/wp-json\/wp\/v2\/pages"}],"about":[{"href":"http:\/\/www.haut-pays.be\/wordpress\/wp-json\/wp\/v2\/types\/page"}],"author":[{"embeddable":true,"href":"http:\/\/www.haut-pays.be\/wordpress\/wp-json\/wp\/v2\/users\/1"}],"replies":[{"embeddable":true,"href":"http:\/\/www.haut-pays.be\/wordpress\/wp-json\/wp\/v2\/comments?post=205"}],"version-history":[{"count":2,"href":"http:\/\/www.haut-pays.be\/wordpress\/wp-json\/wp\/v2\/pages\/205\/revisions"}],"predecessor-version":[{"id":216,"href":"http:\/\/www.haut-pays.be\/wordpress\/wp-json\/wp\/v2\/pages\/205\/revisions\/216"}],"wp:attachment":[{"href":"http:\/\/www.haut-pays.be\/wordpress\/wp-json\/wp\/v2\/media?parent=205"}],"curies":[{"name":"wp","href":"https:\/\/api.w.org\/{rel}","templated":true}]}}