{"id":123,"date":"2025-02-14T17:10:57","date_gmt":"2025-02-14T16:10:57","guid":{"rendered":"http:\/\/www.haut-pays.be\/wordpress\/?page_id=123"},"modified":"2025-02-15T15:34:59","modified_gmt":"2025-02-15T14:34:59","slug":"nos-artisans","status":"publish","type":"page","link":"http:\/\/www.haut-pays.be\/wordpress\/nos-artisans\/","title":{"rendered":"Artisans d&rsquo;art"},"content":{"rendered":"\n<figure class=\"wp-block-image size-full is-resized\"><img fetchpriority=\"high\" decoding=\"async\" width=\"400\" height=\"400\" src=\"http:\/\/www.haut-pays.be\/wordpress\/wp-content\/uploads\/2025\/02\/308484557_501164528686955_5242171244154238137_n.jpg\" alt=\"\" class=\"wp-image-404\" style=\"width:350px;height:auto\" srcset=\"http:\/\/www.haut-pays.be\/wordpress\/wp-content\/uploads\/2025\/02\/308484557_501164528686955_5242171244154238137_n.jpg 400w, http:\/\/www.haut-pays.be\/wordpress\/wp-content\/uploads\/2025\/02\/308484557_501164528686955_5242171244154238137_n-300x300.jpg 300w, http:\/\/www.haut-pays.be\/wordpress\/wp-content\/uploads\/2025\/02\/308484557_501164528686955_5242171244154238137_n-150x150.jpg 150w, http:\/\/www.haut-pays.be\/wordpress\/wp-content\/uploads\/2025\/02\/308484557_501164528686955_5242171244154238137_n-768x768.jpg 768w, http:\/\/www.haut-pays.be\/wordpress\/wp-content\/uploads\/2025\/02\/308484557_501164528686955_5242171244154238137_n-1x1.jpg 1w\" sizes=\"(max-width: 400px) 100vw, 400px\" \/><\/figure>\n\n\n\n<h4 class=\"wp-block-heading\">Artistyl Bois<\/h4>\n\n\n\n<p>R. du Roi Albert, 75B<br>7387 Fayt-le-Franc<br>065\/75.95.68<br>Menuiserie &#8211; \u00c9b\u00e9nisterie<\/p>\n\n\n\n<h4 class=\"wp-block-heading\">Zenitude<\/h4>\n\n\n\n<p>R. de la Fronti\u00e8re, 88<br>7370 Blaugies<br>0471\/40 01 01<br>Centre de beaut\u00e9. D\u00e9cor oriental et atmosph\u00e8re d\u00e9di\u00e9s \u00e0 la relaxation.<br>Sur rendez-vous<\/p>\n\n\n\n<h4 class=\"wp-block-heading\">Atelier du Plat Caillou<\/h4>\n\n\n\n<p><strong>(photo ci-dessus)<\/strong><\/p>\n\n\n\n<p>Ruelle du Plat Caillou, 8<br>7387 Montignies-sur-roc<br>065\/75.93.71<br>Atelier de poterie et c\u00e9ramique<br>Visites sur rendez-vous.<br><a href=\"http:\/\/www.haut-pays.be\/http\/\/www.platcaillou.be\">www.platcaillou.be<\/a><br><a href=\"mailto:platcaillou@skynet.be\">platcaillou@skynet.be<\/a><\/p>\n\n\n\n<p><\/p>\n\n\n\n<h4 class=\"wp-block-heading\">L&rsquo;Art de Vivre<\/h4>\n\n\n\n<p>R. de l&rsquo;Abreuvoir, 3<br>7387 Onnezies<br>065\/75.92.50<br>Fleurs naturelles, cadeaux, \u00e9lectros, chauffage, sanitaire, pellets, mat\u00e9riaux de constructions, drink, paniers du terroir.<\/p>\n\n\n\n<h4 class=\"wp-block-heading\">Eb\u00e9nisterie P\u00e9tillon<\/h4>\n\n\n\n<p>R. du Point du Jour, 6<br>7387 Roisin<br>065\/75.96.86<br>Restauration d&rsquo;antiquit\u00e9s. Cr\u00e9ation de meubles sur mesure. Menuiserie et d\u00e9coration d&rsquo;int\u00e9rieur<br>Ouvert tous les jours.<\/p>\n\n\n\n<h4 class=\"wp-block-heading\">Fr\u00e9d\u00e9ric Duly\u00e8re<\/h4>\n\n\n\n<p>R. d&rsquo;En-Haut, 2<br>7387 Roisin<br>0475\/24.40.71<br>065\/51.01.43<br>Antiquit\u00e9 \u2013 D\u00e9coration. Achat &#8211; Vente.<\/p>\n\n\n\n<h4 class=\"wp-block-heading\">Artistyl Bois<\/h4>\n\n\n\n<p>R. du Roi Albert, 75B<br>7387 Fayt-le-Franc<br>065\/75.95.68<br>Menuiserie &#8211; \u00c9b\u00e9nisterie<\/p>\n\n\n\n<h4 class=\"wp-block-heading\">ART SCH\u00c9MA<\/h4>\n\n\n\n<p>R. de la Fronti\u00e8re, 169<br>7370 Blaugies<br>065\/36.57.25<br>Travail du textile. Garnissage de si\u00e8ges.<\/p>\n\n\n\n<h4 class=\"wp-block-heading\">ATELIER LA ROQUETTE<\/h4>\n\n\n\n<p>Chauss\u00e9e Brunehault, 24<br>7387 Montignies-sur-roc<br>065\/75.91.91<br>lurevan@skynet.be<br>Poteries artisanales, sculptures en c\u00e9ramique, laines fil\u00e9es, tricot, crochet d&rsquo;art. Ouvert tous les jours de 9 \u00e0 19h et sur rendez-vous.<\/p>\n\n\n\n<h4 class=\"wp-block-heading\">LES JEUX OUBLI\u00c9S<\/h4>\n\n\n\n<p>R. de l&rsquo;\u00c9glise, 23<br>7387 Montignies-sur-roc<br>0474\/95.22.53<br>Jean-Fran\u00e7ois Colas pr\u00e9sente ses fabrications artisanales.<\/p>\n\n\n\n<h4 class=\"wp-block-heading\">ATELIER DU PLAT CAILLOU<\/h4>\n\n\n\n<p>Ruelle du Plat Caillou, 8<br>7387 Montignies-sur-roc<br>065\/75.93.71<\/p>\n","protected":false},"excerpt":{"rendered":"<p>Artistyl Bois R. du Roi Albert, 75B7387 Fayt-le-Franc065\/75.95.68Menuiserie &#8211; \u00c9b\u00e9nisterie Zenitude R. de la Fronti\u00e8re, 887370 Blaugies0471\/40 01 01Centre de beaut\u00e9. D\u00e9cor oriental et atmosph\u00e8re d\u00e9di\u00e9s \u00e0 la relaxation.Sur rendez-vous Atelier du Plat Caillou (photo ci-dessus) Ruelle du Plat Caillou, 87387 Montignies-sur-roc065\/75.93.71Atelier de poterie et c\u00e9ramiqueVisites sur rendez-vous.www.platcaillou.beplatcaillou@skynet.be L&rsquo;Art de Vivre R. de l&rsquo;Abreuvoir, 37387 [&hellip;]<\/p>\n","protected":false},"author":1,"featured_media":0,"parent":0,"menu_order":0,"comment_status":"closed","ping_status":"closed","template":"","meta":{"footnotes":""},"class_list":["post-123","page","type-page","status-publish","hentry"],"_links":{"self":[{"href":"http:\/\/www.haut-pays.be\/wordpress\/wp-json\/wp\/v2\/pages\/123","targetHints":{"allow":["GET"]}}],"collection":[{"href":"http:\/\/www.haut-pays.be\/wordpress\/wp-json\/wp\/v2\/pages"}],"about":[{"href":"http:\/\/www.haut-pays.be\/wordpress\/wp-json\/wp\/v2\/types\/page"}],"author":[{"embeddable":true,"href":"http:\/\/www.haut-pays.be\/wordpress\/wp-json\/wp\/v2\/users\/1"}],"replies":[{"embeddable":true,"href":"http:\/\/www.haut-pays.be\/wordpress\/wp-json\/wp\/v2\/comments?post=123"}],"version-history":[{"count":3,"href":"http:\/\/www.haut-pays.be\/wordpress\/wp-json\/wp\/v2\/pages\/123\/revisions"}],"predecessor-version":[{"id":405,"href":"http:\/\/www.haut-pays.be\/wordpress\/wp-json\/wp\/v2\/pages\/123\/revisions\/405"}],"wp:attachment":[{"href":"http:\/\/www.haut-pays.be\/wordpress\/wp-json\/wp\/v2\/media?parent=123"}],"curies":[{"name":"wp","href":"https:\/\/api.w.org\/{rel}","templated":true}]}}